{"id":744,"date":"2020-03-23T06:36:05","date_gmt":"2020-03-23T05:36:05","guid":{"rendered":"https:\/\/www.aca-munich.de\/?page_id=744"},"modified":"2023-09-06T21:50:16","modified_gmt":"2023-09-06T19:50:16","slug":"anleitung-online-meetings","status":"publish","type":"page","link":"https:\/\/www.aca-munich.de\/de\/anleitung-online-meetings\/","title":{"rendered":"Anleitung Online-Meetings"},"content":{"rendered":"<p>Alle unsere (physischen) Meetings sind wegen des Corona-Virus (COVID-19) vor\u00fcbergehend geschlossen. Aus diesem Grund haben wir <strong>Online-Meetings f\u00fcr die regelm\u00e4\u00dfigen Teilnehmer unserer Meetings in M\u00fcnchen<\/strong> eingerichtet. Bitte sende uns eine kurze <a href=\"https:\/\/www.aca-munich.de\/de\/contact\/\">E-Mail-Nachricht<\/a>, wenn du schon bei unseren Meetings warst und jetzt an unseren M\u00fcnchner Online-Meetings teilnehmen m\u00f6chtest.<\/p>\n<p>F\u00fcr unsere Meetings nutzen wir <a href=\"https:\/\/www.goto.com\/de\/meeting\" target=\"_blank\" rel=\"noopener noreferrer\">www.gotomeeting.com<\/a>. Nachfolgend eine kurze Anleitung, wie du teilnehmen kannst.<\/p>\n<h4>Anleitung<\/h4>\n<p>Um an unseren Online-Meetings teilzunehmen, brauchst du eine Einladung, die den Meeting-Link enth\u00e4lt. Schreibe uns kurz, wir senden sie dir gerne zu. Die Einladung sieht in etwa so aus:<\/p>\n<p style=\"padding-left: 40px;\"><em><strong><span class=\"inv-subject\">Online Meeting Munich<\/span><\/strong><\/em><br \/>\n<em><b>Nehmen Sie an meinem Meeting per Computer, Tablet oder Smartphone teil.<\/b><\/em><br \/>\n<span style=\"color: #003366;\"><strong><em><span class=\"inv-meeting-url\">https:\/\/global.gotomeeting.com\/xxxx <\/span><\/em><\/strong><span class=\"inv-meeting-url\"><span style=\"color: #ff0000;\">(Meeting-L<\/span><\/span><span class=\"inv-meeting-url\" style=\"color: #ff0000;\">ink)<\/span><\/span><br \/>\n<em><b>Sie k\u00f6nnen sich auch \u00fcber ein Telefon einw\u00e4hlen.<\/b><\/em><br \/>\n<em>Deutschland: +49 692 xxxx 7317 <\/em><span style=\"color: #ff0000;\">(Einwahlnummer)<\/span><br \/>\n<em><b>Zugangscode:<\/b> 81x-xxx-973 <\/em><span style=\"color: #ff0000;\">(Meeting ID)<\/span><\/p>\n<p>Es gibt drei einfache M\u00f6glichkeiten, um an einem Meeting per <a href=\"https:\/\/www.goto.com\/de\/meeting\" target=\"_blank\" rel=\"noopener noreferrer\">www.gotomeeting.com<\/a> teilzunehmen:<\/p>\n<ul>\n<li>\u00a0Per <strong>Computer und Web-Browser<\/strong> (idealerweise mit dem Browser &#8222;Chrome&#8220; ohne weitere Plugins), indem du\n<ul>\n<li>\u00a0den Link in der Meeting-Einladung eingibst oder<\/li>\n<li>folgenden Link aufrufst und die Meeting-ID eingibst: <a href=\"https:\/\/www.gotomeeting.com\/de-de\/meeting\/meeting-beitreten\" target=\"_blank\" rel=\"noopener noreferrer\">https:\/\/www.gotomeeting.com\/de-de\/meeting\/meeting-beitreten<\/a><\/li>\n<\/ul>\n<\/li>\n<li>\u00a0Per <strong>Smartphone<\/strong> und spezieller App und Meeting-ID:\n<ul>\n<li>\u00a0Android: <a href=\"https:\/\/play.google.com\/store\/search?q=gotomeeting&amp;c=apps\" target=\"_blank\" rel=\"noopener noreferrer\">https:\/\/play.google.com\/store\/apps\/details?id=com.gotomeeting<\/a><\/li>\n<li>\u00a0Apple: <a href=\"https:\/\/apps.apple.com\/us\/app\/goto\/id1465614785\" target=\"_blank\" rel=\"noopener noreferrer\">https:\/\/apps.apple.com\/us\/app\/goto\/id1465614785<\/a><\/li>\n<\/ul>\n<\/li>\n<li>\u00a0Per Telefonanruf an die <strong>Einwahlnummer<\/strong> und Eingabe der Meeting-ID<\/li>\n<\/ul>\n<h4>Tipps f\u00fcr deine Teilnahme<\/h4>\n<ul>\n<li>\u00a0Achte darauf, dass deine Kamera und dein Mikrophon aktiviert (gr\u00fcne Farbe) sind, wenn du m\u00f6chtest, dass die anderen dich sehen und h\u00f6ren.<\/li>\n<li>Auf dem Computer werden alle Teilnehmer des Meetings angezeigt; auf dem Smartphone wird immer nur der Teilnehmer angezeigt, der gerade spricht.<\/li>\n<li>Bei Meetings mit vielen Teilnehmern ist es g\u00fcnstig, wenn du dein Mikrofon nur dann einschaltest (gr\u00fcne Farbe), wenn du sprichst; wenn du nicht sprichst, schalte dein Mikrofon aus, damit Umgebungsger\u00e4usche das Meeting nicht st\u00f6ren.<\/li>\n<\/ul>\n<h4>Weitere Anleitungen<\/h4>\n<p>Hier noch zwei weitere Videos, die ebenfalls erkl\u00e4ren, wie die Teilnahme an einem Meeting funktioniert:<\/p>\n<ul>\n<li>\u00a0<a href=\"https:\/\/www.youtube.com\/watch?v=Sbmjz1lf7mA\" target=\"_blank\" rel=\"noopener noreferrer\">https:\/\/www.youtube.com\/watch?v=Sbmjz1lf7mA<\/a><\/li>\n<li>\u00a0<a href=\"https:\/\/www.youtube.com\/watch?v=KoSc3zI4htY\" target=\"_blank\" rel=\"noopener noreferrer\">https:\/\/www.youtube.com\/watch?v=KoSc3zI4htY<\/a><\/li>\n<\/ul>\n<p>&nbsp;<\/p>\n","protected":false},"excerpt":{"rendered":"<p>Alle unsere (physischen) Meetings sind wegen des Corona-Virus (COVID-19) vor\u00fcbergehend geschlossen. Aus diesem Grund haben wir Online-Meetings f\u00fcr die regelm\u00e4\u00dfigen Teilnehmer unserer Meetings in M\u00fcnchen eingerichtet. Bitte sende uns eine kurze E-Mail-Nachricht, wenn du schon bei unseren Meetings warst und jetzt an unseren M\u00fcnchner Online-Meetings teilnehmen m\u00f6chtest. F\u00fcr unsere Meetings &hellip;<\/p>\n","protected":false},"author":1,"featured_media":0,"parent":0,"menu_order":0,"comment_status":"closed","ping_status":"closed","template":"","meta":{"footnotes":""},"class_list":["post-744","page","type-page","status-publish","hentry"],"_links":{"self":[{"href":"https:\/\/www.aca-munich.de\/de\/wp-json\/wp\/v2\/pages\/744","targetHints":{"allow":["GET"]}}],"collection":[{"href":"https:\/\/www.aca-munich.de\/de\/wp-json\/wp\/v2\/pages"}],"about":[{"href":"https:\/\/www.aca-munich.de\/de\/wp-json\/wp\/v2\/types\/page"}],"author":[{"embeddable":true,"href":"https:\/\/www.aca-munich.de\/de\/wp-json\/wp\/v2\/users\/1"}],"replies":[{"embeddable":true,"href":"https:\/\/www.aca-munich.de\/de\/wp-json\/wp\/v2\/comments?post=744"}],"version-history":[{"count":8,"href":"https:\/\/www.aca-munich.de\/de\/wp-json\/wp\/v2\/pages\/744\/revisions"}],"predecessor-version":[{"id":945,"href":"https:\/\/www.aca-munich.de\/de\/wp-json\/wp\/v2\/pages\/744\/revisions\/945"}],"wp:attachment":[{"href":"https:\/\/www.aca-munich.de\/de\/wp-json\/wp\/v2\/media?parent=744"}],"curies":[{"name":"wp","href":"https:\/\/api.w.org\/{rel}","templated":true}]}}